{"id":911,"date":"2023-10-05T09:07:06","date_gmt":"2023-10-05T09:07:06","guid":{"rendered":"https:\/\/www.contend.agency\/datenschutz-erklaerung\/"},"modified":"2023-10-05T09:07:06","modified_gmt":"2023-10-05T09:07:06","slug":"datenschutz-erklaerung","status":"publish","type":"page","link":"https:\/\/www.contend.agency\/en\/datenschutz-erklaerung\/","title":{"rendered":"Datenschutz"},"content":{"rendered":"<h2>1<span style=\"color: #ff6c27;\">.<\/span> Allgemeines<\/h2>\n<p>Der Schutz Ihrer personenbezogenen Daten ist f\u00fcr uns von h\u00f6chster Bedeutung. Im Folgenden erl\u00e4utern wir unsere Datenschutzpraxis bei der Nutzung unserer elektronischen Medien.<\/p>\n<p>Die contend digital content marketing GmbH i.Gr. erhebt, verarbeitet und nutzt Ihre personenbezogenen Daten ausschlie\u00dflich unter Beachtung der geltenden datenschutzrechtlichen Bestimmungen. Regelungen hierzu enthalten unter anderem das Bundesdatenschutzgesetz (BDSG) und das Telemediengesetz (TMG).<\/p>\n<p>Bei der Nutzung des digitalen Angebotes der contend digital content marketing GmbH i.Gr. (im Folgenden auch \u201cwir\u201d) werden folgende Daten erhoben:<\/p>\n<p>1. Personenbezogene Daten, die Sie freiwillig eintragen, wenn Sie eine Kontaktanfrage an uns stellen oder \u00e4hnliche \u00fcber unsere Webseite angebotene Dienste in Anspruch nehmen.<\/p>\n<p>2. Tracking-Informationen, die w\u00e4hrend der Nutzung unserer Webseiten gesammelt werden.<\/p>\n<p>&nbsp;<\/p>\n<p>&nbsp;<\/p>\n<h2>2<span style=\"color: #ff6c27;\">.<\/span> Erhebung, Verarbeitung und Nutzung von personenbezogenen Daten<\/h2>\n<p>Ihre angegebenen personenbezogenen Daten werden ohne weitergehende Einwilligung nur zu dem Zwecke gespeichert, verarbeitet und genutzt, soweit sie f\u00fcr die Vertragsbegr\u00fcndung und -abwicklung, sowie zu Abrechnungszwecken erforderlich sind. Lediglich zur Erf\u00fcllung der genannten Zwecke werden die Daten an Dienstleister weitergegeben, die im Auftrag der contend digital content marketing GmbH i.Gr. die entsprechenden Aufgaben (Mailings etc.) abwickeln. Die Dienstleister sind ihrerseits vertraglich auf Verschwiegenheit und Einhaltung aller erforderlichen Datenschutzma\u00dfnahmen verpflichtet. Die contend digital content marketing GmbH i.Gr.gew\u00e4hrleistet, dass Ihre Daten vertraulich behandelt werden.<\/p>\n<p>contend digital content marketing GmbH i.Gr. ist nach Ihrer freiwilligen Einwilligung berechtigt, Ihre personenbezogenen Daten zu Zwecken der Zuleitung von Informationen \u00fcber Produkte der contend digital content marketing GmbH i.Gr. zu erheben, zu verarbeiten und zu speichern, mit anderen Daten zu kombinieren, zu archivieren und zu nutzen. Ihre Einwilligung erfolgt entweder schriftlich oder durch Anklicken der entsprechenden Erkl\u00e4rung. Insbesondere erfolgt eine Weitergabe personenbezogener Daten an Dritte nur, wenn Sie vorher ausdr\u00fccklich zugestimmt haben oder wir zur Herausgabe der Daten verpflichtet sind, beispielsweise aufgrund einer beh\u00f6rdlichen Anordnung.<\/p>\n<p>&nbsp;<\/p>\n<p>&nbsp;<\/p>\n<h2>3<span style=\"color: #ff6c27;\">.<\/span> Auskunftsrecht<\/h2>\n<p>Die contend digital content marketing GmbH i.Gr. teilt auf Anfrage schriftlich unter Ber\u00fccksichtigung der gesetzlichen Vorgaben mit, ob und welche pers\u00f6nlichen Daten gespeichert sind. Anfragen richten Sie bitte an <a href=\"mailto:info@contend.agency\">info@contend.agency<\/a><\/p>\n<p>&nbsp;<\/p>\n<p>&nbsp;<\/p>\n<h2>4<span style=\"color: #ff6c27;\">.<\/span> \u00c4nderung der Daten und Widerruf<\/h2>\n<p>Sie k\u00f6nnen die Ihre Person betreffenden Daten jederzeit aktualisieren, berichtigen, erg\u00e4nzen oder l\u00f6schen. Sollte dies unter der Adresse, unter der Sie die Daten angegeben haben, technisch nicht m\u00f6glich sein, so haben Sie jederzeit die M\u00f6glichkeit, uns diesbez\u00fcglich unter folgender Adresse zu erreichen: info@contend.agency<\/p>\n<p>Auch f\u00fcr Widerrufe einer erteilten Einwilligung zur Nutzung Ihrer Daten steht diese Adresse zur Verf\u00fcgung. In diesem Fall werden Ihre Daten unverz\u00fcglich gel\u00f6scht. Soweit mit Ihrem Einverst\u00e4ndnis Daten an Dritte \u00fcbermittelt wurden, werden diese Dritten umgehend informiert und zur L\u00f6schung der Daten aufgefordert. Sie sind berechtigt, die Einwilligung in die Nutzung Ihrer Daten zu beschr\u00e4nken. Dann erfolgt lediglich eine L\u00f6schung im Rahmen der Beschr\u00e4nkung. Es kann aus technischen Gr\u00fcnden nicht v\u00f6llig ausgeschlossen werden, dass es zu einer \u00dcberschneidung zwischen Widerruf und Nutzung Ihrer Daten im Rahmen einer bereits angelaufenen Kampagne kommt.<\/p>\n<p>&nbsp;<\/p>\n<p>&nbsp;<\/p>\n<h2>5<span style=\"color: #ff6c27;\">.<\/span> Webseiten-Tracking<\/h2>\n<p>Die contend digital content marketing GmbH i.Gr. erhebt und speichert automatisch in ihren Server-Log-Files Informationen, die der Browser des Nutzers an den Server der contend digital content marketing GmbH i.Gr. \u00fcbermittelt.<\/p>\n<p>Dies sind:<\/p>\n<p>Browsertyp\/ -version<br \/>\nverwendetes Betriebssystem<br \/>\nReferrer URL (die zuvor besuchte Seite)<br \/>\nHostname des zugreifenden Rechners<br \/>\nUhrzeit der Serveranfrage.<\/p>\n<p>Diese Daten sind f\u00fcr die contend digital content marketing GmbH i.Gr. nicht bestimmten Personen zuzuordnen. Sie dienen ausschlie\u00dflich zur statistischen Auswertung und Verbesserung unserer Angebote und Services indem sie Auskunft \u00fcber die Nutzung der von der contend digital content marketing GmbH betriebenen Webseiten geben<\/p>\n<p>&nbsp;<\/p>\n<p>&nbsp;<\/p>\n<h2>6<span style=\"color: #ff6c27;\">.<\/span> Dienste<\/h2>\n<p><strong>Google Analytics<\/strong><br \/>\nUnsere Websites benutzen Google Analytics, einen Webanalysedienst der Google Inc. (\u201cGoogle\u201d). Google Analytics verwendet sog. \u201cCookies\u201d, Textdateien, die auf Ihrem Computer gespeichert werden und die eine Analyse der Benutzung der Website durch Sie erm\u00f6glichen. Die durch den Cookie erzeugten Informationen \u00fcber Ihre Benutzung dieser Website (einschlie\u00dflich Ihrer IP-Adresse) wird an einen Server von Google in den USA \u00fcbertragen und dort gespeichert. Google wird diese Informationen benutzen, um Ihre Nutzung der Website auszuwerten, um Reports \u00fcber die Websiteaktivit\u00e4ten f\u00fcr die Websitebetreiber zusammenzustellen und um weitere mit der Websitenutzung und der Internetnutzung verbundene Dienstleistungen zu erbringen. Auch wird Google diese Informationen gegebenenfalls an Dritte \u00fcbertragen, sofern dies gesetzlich vorgeschrieben oder soweit Dritte diese Daten im Auftrag von Google verarbeiten. Google wird in keinem Fall Ihre IP-Adresse mit anderen Daten von Google in Verbindung bringen. Sie k\u00f6nnen die Installation der Cookies durch eine entsprechende Einstellung Ihrer Browser Software verhindern; wir weisen Sie jedoch darauf hin, dass Sie in diesem Fall gegebenenfalls nicht s\u00e4mtliche Funktionen dieser Website vollumf\u00e4nglich nutzen k\u00f6nnen. Durch die Nutzung dieser Website erkl\u00e4ren Sie sich mit der Bearbeitung der \u00fcber Sie erhobenen Daten durch Google in der zuvor beschriebenen Art und Weise und zu dem zuvor benannten Zweck einverstanden.<\/p>\n<p><strong>LinkedIn<\/strong><br \/>\nAuf unserer Website setzen wir die Analyse \u2013 und Conversion Tracking-Technologie der Plattform LinkedIn ein. Mit der Technologie von LinkedIn kann Ihnen relevantere, auf Ihren Interessen basierende Werbung angezeigt werden. Ferner erhalten wir von LinkedIn aggregierte und anonyme Berichte von Anzeigenaktivit\u00e4ten und Informationen dar\u00fcber wie Sie mit unserer Website interagieren. Weitere Informationen zum Datenschutz bei LinkedIn finden Sie hier: https:\/\/www.linkedin.com\/legal\/privacy-policy#choices-oblig. Sie k\u00f6nnen der Analyse Ihres Nutzungsverhaltens durch LinkedIn sowie der Anzeige interessenbasierter Empfehlungen widersprechen (\u201cOpt-Out\u201c); klicken Sie dazu auf das Feld \u201eAuf LinkedIn ablehnen\u201c (f\u00fcr LinkedIn Mitglieder) oder \u201eAblehnen\u201c (f\u00fcr sonstige Nutzer) unter folgendem Link: https:\/\/www.linkedin.com\/psettings\/guest-controls\/retargeting-opt-out<\/p>\n<p><strong>Active Campaign<\/strong><br \/>\nF\u00fcr die Versendung unseres Newsletters setzen wir den Dienst ActiveCampaign des Dienstleisters ActiveCampaign, 1 N Dearborn St. 5th Floor, Chicago, Illinois, IL 60602, USA, ein, die Ihre Daten ausschlie\u00dflich in unserem Auftrag sowie nach unserer Weisung verarbeiten (sog. Auftragsverarbeiter nach Artikel 28 DSGVO) und geeignete technische und organisatorische Ma\u00dfnahmen zum Schutz Ihrer Rechte getroffen haben.<\/p>\n<p>Dieser Dienstleister hilft uns dabei, durch die Integration von Pixel-Tags in die Newsletter, auf pseudonymisierter Basis festzustellen, wie viele Empf\u00e4nger unsere Newsletter ge\u00f6ffnet haben und auf welche darin enthaltenen Links geklickt wurden. Im Rahmen dieses Abrufs werden zun\u00e4chst technische Informationen, wie Informationen zum Browser und Ihrem System, als auch Ihre IP-Adresse und Zeitpunkt des Abrufs erhoben. Diese Informationen werden zur technischen Verbesserung der Services anhand der technischen Daten oder der Zielgruppen und ihres Leseverhaltens anhand derer Abruforte (die mit Hilfe der IP-Adresse bestimmbar sind) oder der Zugriffszeiten genutzt. Dies erfolgt auf Grundlage des Artikel 6 Absatz 1 Satz 1 Buchstabe f) DSGVO. Wir haben ein berechtigtes Interesse an der Analyse des \u00d6ffnungs-Verhaltens unserer Newsletter, um unsere Dienstleistungen zu optimieren und unsere Dienstleistungen wirtschaftlich betreiben zu k\u00f6nnen. Wenn Sie damit nicht einverstanden sind, dann \u00f6ffnen Sie unseren Newsletter nicht und klicken nicht auf darin enthaltene Links. Der Versanddienstleister kann nach eigenen Informationen diese Daten in pseudonymer Form, d.h. ohne Zuordnung zu einem Nutzer, zur Optimierung oder Verbesserung der eigenen Services nutzen, z.B. zur technischen Optimierung des Versandes und der Darstellung oder f\u00fcr statistische Zwecke, um zu bestimmen, aus welchen L\u00e4ndern die Empf\u00e4nger kommen, verwenden.<\/p>\n<p>Ihre Daten werden so lange gespeichert, wie wir Ihnen den Newsletter regelm\u00e4\u00dfig zusenden. F\u00fcr den Fall, dass wir Ihnen keinen Newsletter mehr zusenden, l\u00f6schen wir Ihre Daten sp\u00e4testens nach 12 Monaten nach Versand des letzten Newsletters an Sie.<\/p>\n<p>Es besteht die Gefahr, dass Ihre Daten in den USA verarbeitet werden und dorthin \u00fcbermittelt, d. h. einem Drittland au\u00dferhalb der Europ\u00e4ischen Union (EU) oder des Europ\u00e4ischen Wirtschaftsraums (EWR). F\u00fcr dieses Land besteht kein Angemessenheitsbeschluss der EU-Kommission, der gew\u00e4hrleistet, dass dort ein dem Europ\u00e4ischen Standard entsprechendes Datenschutzniveau besteht. Laut dem Europ\u00e4ischen Gerichtshof (EuGH) besteht das besondere Risiko, dass Daten unbemerkt durch US-Beh\u00f6rden zu \u00dcberwachungszwecken verarbeitet werden. Rechtsgrundlage f\u00fcr die Verarbeitung Ihrer Daten ist Ihre Einwilligung gem\u00e4\u00df Artikel 49 Absatz 1 Satz 1 Buchstabe a) DSGVO. Diese kann jederzeit mit Wirkung f\u00fcr die Zukunft widerrufen werden. Zur Herstellung des sichern Datenschutzniveaus haben wir mit dem Dienstleister EU-Standardvertragsklauseln geschlossen.<\/p>\n<p>Bitte beachten Sie, dass Sie Ihre Einwilligung jederzeit widerrufen und den Newsletter k\u00fcndigen k\u00f6nnen, indem Sie uns eine E-Mail an <a href=\"mailto:info@contend.agency\">info@contend.agency<\/a> schicken oder indem Sie den Link zur K\u00fcndigung anklicken, der sich in jedem Newsletter befindet.<\/p>\n<p>Die Datenschutzbestimmungen der Dienste finden Sie hier: https:\/\/www.activecampaign.com\/legal\/privacy-policy.<\/p>\n<p>&nbsp;<\/p>\n<p>&nbsp;<\/p>\n<h2>7<span style=\"color: #ff6c27;\">.<\/span> Weitere Informationen<\/h2>\n<p>contend digital content marketing GmbH<br \/>\nDatenschutz<br \/>\nMoselstra\u00dfe 27<br \/>\n60329 Frankfurt am Main<\/p>\n<p><strong>\u00c4nderung der Datenschutzbestimmungen<\/strong><\/p>\n<p>Die contend digital content marketing GmbH beh\u00e4lt sich vor, diese allgemeinen Datenschutzbestimmungen im Rahmen der geltenden Datenschutzvorschriften zu \u00e4ndern.<\/p>\n<p>Stand: 17.12.2022<\/p>\n","protected":false},"excerpt":{"rendered":"<p>1. Allgemeines Der Schutz Ihrer personenbezogenen Daten ist f\u00fcr uns von h\u00f6chster Bedeutung. Im Folgenden erl\u00e4utern wir unsere Datenschutzpraxis bei der Nutzung unserer elektronischen Medien. Die contend digital content marketing GmbH i.Gr. erhebt, verarbeitet und nutzt Ihre personenbezogenen &hellip;<\/p>\n","protected":false},"author":1,"featured_media":0,"parent":0,"menu_order":0,"comment_status":"closed","ping_status":"open","template":"tpl-privacy-policy.php","meta":{"_acf_changed":false,"om_disable_all_campaigns":false,"footnotes":""},"class_list":["post-911","page","type-page","status-publish","hentry"],"acf":[],"yoast_head":"<!-- This site is optimized with the Yoast SEO plugin v27.4 - https:\/\/yoast.com\/product\/yoast-seo-wordpress\/ -->\n<title>Datenschutz - Contend Agency<\/title>\n<meta name=\"robots\" content=\"index, follow, max-snippet:-1, max-image-preview:large, max-video-preview:-1\" \/>\n<link rel=\"canonical\" href=\"https:\/\/www.contend.agency\/en\/datenschutz-erklaerung\/\" \/>\n<meta property=\"og:locale\" content=\"en_US\" \/>\n<meta property=\"og:type\" content=\"article\" \/>\n<meta property=\"og:title\" content=\"Datenschutz - Contend Agency\" \/>\n<meta property=\"og:description\" content=\"1. Allgemeines Der Schutz Ihrer personenbezogenen Daten ist f\u00fcr uns von h\u00f6chster Bedeutung. Im Folgenden erl\u00e4utern wir unsere Datenschutzpraxis bei der Nutzung unserer elektronischen Medien. Die contend digital content marketing GmbH i.Gr. erhebt, verarbeitet und nutzt Ihre personenbezogenen &hellip;\" \/>\n<meta property=\"og:url\" content=\"https:\/\/www.contend.agency\/en\/datenschutz-erklaerung\/\" \/>\n<meta property=\"og:site_name\" content=\"Contend Agency\" \/>\n<meta name=\"twitter:card\" content=\"summary_large_image\" \/>\n<meta name=\"twitter:label1\" content=\"Est. reading time\" \/>\n\t<meta name=\"twitter:data1\" content=\"7 minutes\" \/>\n<script type=\"application\/ld+json\" class=\"yoast-schema-graph\">{\"@context\":\"https:\\\/\\\/schema.org\",\"@graph\":[{\"@type\":\"WebPage\",\"@id\":\"https:\\\/\\\/www.contend.agency\\\/en\\\/datenschutz-erklaerung\\\/\",\"url\":\"https:\\\/\\\/www.contend.agency\\\/en\\\/datenschutz-erklaerung\\\/\",\"name\":\"Datenschutz - Contend Agency\",\"isPartOf\":{\"@id\":\"https:\\\/\\\/www.contend.agency\\\/#website\"},\"datePublished\":\"2023-10-05T09:07:06+00:00\",\"breadcrumb\":{\"@id\":\"https:\\\/\\\/www.contend.agency\\\/en\\\/datenschutz-erklaerung\\\/#breadcrumb\"},\"inLanguage\":\"en-US\",\"potentialAction\":[{\"@type\":\"ReadAction\",\"target\":[\"https:\\\/\\\/www.contend.agency\\\/en\\\/datenschutz-erklaerung\\\/\"]}]},{\"@type\":\"BreadcrumbList\",\"@id\":\"https:\\\/\\\/www.contend.agency\\\/en\\\/datenschutz-erklaerung\\\/#breadcrumb\",\"itemListElement\":[{\"@type\":\"ListItem\",\"position\":1,\"name\":\"Home\",\"item\":\"https:\\\/\\\/www.contend.agency\\\/en\\\/\"},{\"@type\":\"ListItem\",\"position\":2,\"name\":\"Datenschutz\"}]},{\"@type\":\"WebSite\",\"@id\":\"https:\\\/\\\/www.contend.agency\\\/#website\",\"url\":\"https:\\\/\\\/www.contend.agency\\\/\",\"name\":\"Contend Agency\",\"description\":\"Zielgruppengenaues Marketing f\u00fcr die Finanzwelt.\",\"potentialAction\":[{\"@type\":\"SearchAction\",\"target\":{\"@type\":\"EntryPoint\",\"urlTemplate\":\"https:\\\/\\\/www.contend.agency\\\/?s={search_term_string}\"},\"query-input\":{\"@type\":\"PropertyValueSpecification\",\"valueRequired\":true,\"valueName\":\"search_term_string\"}}],\"inLanguage\":\"en-US\"}]}<\/script>\n<!-- \/ Yoast SEO plugin. -->","yoast_head_json":{"title":"Datenschutz - Contend Agency","robots":{"index":"index","follow":"follow","max-snippet":"max-snippet:-1","max-image-preview":"max-image-preview:large","max-video-preview":"max-video-preview:-1"},"canonical":"https:\/\/www.contend.agency\/en\/datenschutz-erklaerung\/","og_locale":"en_US","og_type":"article","og_title":"Datenschutz - Contend Agency","og_description":"1. Allgemeines Der Schutz Ihrer personenbezogenen Daten ist f\u00fcr uns von h\u00f6chster Bedeutung. Im Folgenden erl\u00e4utern wir unsere Datenschutzpraxis bei der Nutzung unserer elektronischen Medien. Die contend digital content marketing GmbH i.Gr. erhebt, verarbeitet und nutzt Ihre personenbezogenen &hellip;","og_url":"https:\/\/www.contend.agency\/en\/datenschutz-erklaerung\/","og_site_name":"Contend Agency","twitter_card":"summary_large_image","twitter_misc":{"Est. reading time":"7 minutes"},"schema":{"@context":"https:\/\/schema.org","@graph":[{"@type":"WebPage","@id":"https:\/\/www.contend.agency\/en\/datenschutz-erklaerung\/","url":"https:\/\/www.contend.agency\/en\/datenschutz-erklaerung\/","name":"Datenschutz - Contend Agency","isPartOf":{"@id":"https:\/\/www.contend.agency\/#website"},"datePublished":"2023-10-05T09:07:06+00:00","breadcrumb":{"@id":"https:\/\/www.contend.agency\/en\/datenschutz-erklaerung\/#breadcrumb"},"inLanguage":"en-US","potentialAction":[{"@type":"ReadAction","target":["https:\/\/www.contend.agency\/en\/datenschutz-erklaerung\/"]}]},{"@type":"BreadcrumbList","@id":"https:\/\/www.contend.agency\/en\/datenschutz-erklaerung\/#breadcrumb","itemListElement":[{"@type":"ListItem","position":1,"name":"Home","item":"https:\/\/www.contend.agency\/en\/"},{"@type":"ListItem","position":2,"name":"Datenschutz"}]},{"@type":"WebSite","@id":"https:\/\/www.contend.agency\/#website","url":"https:\/\/www.contend.agency\/","name":"Contend Agency","description":"Zielgruppengenaues Marketing f\u00fcr die Finanzwelt.","potentialAction":[{"@type":"SearchAction","target":{"@type":"EntryPoint","urlTemplate":"https:\/\/www.contend.agency\/?s={search_term_string}"},"query-input":{"@type":"PropertyValueSpecification","valueRequired":true,"valueName":"search_term_string"}}],"inLanguage":"en-US"}]}},"_links":{"self":[{"href":"https:\/\/www.contend.agency\/en\/wp-json\/wp\/v2\/pages\/911","targetHints":{"allow":["GET"]}}],"collection":[{"href":"https:\/\/www.contend.agency\/en\/wp-json\/wp\/v2\/pages"}],"about":[{"href":"https:\/\/www.contend.agency\/en\/wp-json\/wp\/v2\/types\/page"}],"author":[{"embeddable":true,"href":"https:\/\/www.contend.agency\/en\/wp-json\/wp\/v2\/users\/1"}],"replies":[{"embeddable":true,"href":"https:\/\/www.contend.agency\/en\/wp-json\/wp\/v2\/comments?post=911"}],"version-history":[{"count":0,"href":"https:\/\/www.contend.agency\/en\/wp-json\/wp\/v2\/pages\/911\/revisions"}],"wp:attachment":[{"href":"https:\/\/www.contend.agency\/en\/wp-json\/wp\/v2\/media?parent=911"}],"curies":[{"name":"wp","href":"https:\/\/api.w.org\/{rel}","templated":true}]}}